{"id":5518,"date":"2019-11-25T16:43:05","date_gmt":"2019-11-25T16:43:05","guid":{"rendered":"https:\/\/ortogonal.pt\/servicios\/"},"modified":"2022-10-10T18:37:08","modified_gmt":"2022-10-10T18:37:08","slug":"servicios","status":"publish","type":"page","link":"https:\/\/ortogonal.pt\/es\/servicios\/","title":{"rendered":"SERVICIOS"},"content":{"rendered":"<p>[vc_row full_width=\u00bbstretch_row\u00bb css=\u00bb.vc_custom_1592518973550{margin-top: 0px !important;margin-bottom: 0px !important;border-top-width: 0px !important;border-bottom-width: 0px !important;padding-top: 0px !important;padding-bottom: 0px !important;}\u00bb][vc_column css=\u00bb.vc_custom_1592518934410{margin-top: 0px !important;margin-bottom: 0px !important;border-top-width: 0px !important;border-bottom-width: 0px !important;padding-top: 0px !important;padding-bottom: 0px !important;}\u00bb][vc_column_text]<\/p>\n<h1 style=\"text-transform: uppercase; color: #14084e; text-align: center;\">SERVICIOS<\/h1>\n<p>[\/vc_column_text][vc_column_text]<\/p>\n<p style=\"font-size: 20px; text-align: justify;\">ORTOGONAL ofrece una gama de servicios que van desde la fase de dise\u00f1o de un proyecto hasta su fase de explotaci\u00f3n.<\/p>\n<p style=\"font-size: 20px; text-align: justify;\">Al contratar todo el proceso o solo una parte de los servicios necesarios para un determinado proyecto, el compromiso, la resistencia y el saber hacer del equipo de ORIOGONAL son garant\u00edas de que ser\u00e1 un \u00e9xito.<\/p>\n<p>[\/vc_column_text][\/vc_column][\/vc_row][vc_row full_width=\u00bbstretch_row_content\u00bb full_height=\u00bbyes\u00bb content_placement=\u00bbmiddle\u00bb css_animation=\u00bbfadeIn\u00bb css=\u00bb.vc_custom_1592518909054{margin-top: 0px !important;margin-bottom: 0px !important;border-top-width: 0px !important;border-bottom-width: 0px !important;padding-top: 0px !important;padding-right: 100px !important;padding-bottom: 0px !important;padding-left: 100px !important;}\u00bb][vc_column offset=\u00bbvc_col-xs-4\/5&#8243;][vc_text_separator title=\u00bbNUESTRO PROCESO\u00bb][\/vc_column][vc_column css_animation=\u00bbfadeIn\u00bb width=\u00bb1\/5&#8243; offset=\u00bbvc_hidden-md vc_hidden-sm vc_hidden-xs\u00bb css=\u00bb.vc_custom_1592518498826{margin-top: 0px !important;border-top-width: 0px !important;padding-top: 0px !important;}\u00bb][vc_single_image image=\u00bb4741&#8243; img_size=\u00bbfull\u00bb alignment=\u00bbcenter\u00bb css_animation=\u00bbfadeIn\u00bb][\/vc_column][vc_column width=\u00bb1\/5&#8243; offset=\u00bbvc_hidden-md vc_hidden-sm vc_hidden-xs\u00bb css=\u00bb.vc_custom_1592518484100{margin-top: 0px !important;border-top-width: 0px !important;padding-top: 0px !important;}\u00bb][vc_single_image image=\u00bb4742&#8243; img_size=\u00bbfull\u00bb alignment=\u00bbcenter\u00bb css_animation=\u00bbfadeIn\u00bb][\/vc_column][vc_column width=\u00bb1\/5&#8243; offset=\u00bbvc_hidden-md vc_hidden-sm vc_hidden-xs\u00bb css=\u00bb.vc_custom_1592518474821{margin-top: 0px !important;border-top-width: 0px !important;padding-top: 0px !important;}\u00bb][vc_single_image image=\u00bb5147&#8243; img_size=\u00bbfull\u00bb alignment=\u00bbcenter\u00bb css_animation=\u00bbfadeIn\u00bb][\/vc_column][vc_column width=\u00bb1\/5&#8243; offset=\u00bbvc_hidden-md vc_hidden-sm vc_hidden-xs\u00bb css=\u00bb.vc_custom_1592518506313{margin-top: 0px !important;border-top-width: 0px !important;padding-top: 0px !important;}\u00bb][vc_single_image image=\u00bb5148&#8243; img_size=\u00bbfull\u00bb alignment=\u00bbcenter\u00bb css_animation=\u00bbfadeIn\u00bb][\/vc_column][vc_column width=\u00bb1\/5&#8243; offset=\u00bbvc_hidden-md vc_hidden-sm vc_hidden-xs\u00bb css=\u00bb.vc_custom_1592518491192{margin-top: 0px !important;border-top-width: 0px !important;padding-top: 0px !important;}\u00bb][vc_single_image image=\u00bb4745&#8243; img_size=\u00bbfull\u00bb alignment=\u00bbcenter\u00bb css_animation=\u00bbfadeIn\u00bb][\/vc_column][\/vc_row][vc_row full_width=\u00bbstretch_row\u00bb equal_height=\u00bbyes\u00bb content_placement=\u00bbmiddle\u00bb css_animation=\u00bbfadeIn\u00bb css=\u00bb.vc_custom_1592511313429{padding-top: 0px !important;padding-bottom: 0px !important;background-color: #f5f5f5 !important;}\u00bb][vc_column css_animation=\u00bbfadeIn\u00bb width=\u00bb1\/4&#8243; css=\u00bb.vc_custom_1592511355433{border-bottom-width: 0px !important;padding-top: 35px !important;}\u00bb][vc_single_image image=\u00bb4741&#8243; img_size=\u00bbfull\u00bb alignment=\u00bbcenter\u00bb css_animation=\u00bbfadeIn\u00bb][\/vc_column][vc_column width=\u00bb3\/4&#8243; css=\u00bb.vc_custom_1592511327569{padding-top: 0px !important;padding-bottom: 0px !important;}\u00bb][vc_column_text css=\u00bb.vc_custom_1592515843718{padding-top: 0px !important;}\u00bb]<\/p>\n<p style=\"text-align: justify; font-size: 20px;\">Trasladar al papel la soluci\u00f3n idealizada por el cliente, garantizando el equilibrio entre el coste final de la obra y el rigor de las soluciones t\u00e9cnicas que se aplicar\u00e1n, son los principales retos en el desarrollo de los proyectos.<\/p>\n<p style=\"text-align: justify; font-size: 20px;\">Es el momento de crear, desarrollar y perfeccionar hasta el l\u00edmite. No es casualidad que se diga que un buen proyecto ahorra mucho dinero, tiempo y preocupaciones en las fases de autorizaci\u00f3n, desarrollo y explotaci\u00f3n de una obra.<\/p>\n<p style=\"text-align: justify; font-size: 20px;\"><strong>ORTOGONAL coordina y desarrolla proyectos de arquitectura e ingenier\u00eda en las m\u00e1s diversas \u00e1reas con un estricto control de plazos, alcance y presupuesto.<\/strong><\/p>\n<p>[\/vc_column_text][\/vc_column][\/vc_row][vc_row full_width=\u00bbstretch_row\u00bb equal_height=\u00bbyes\u00bb content_placement=\u00bbmiddle\u00bb parallax=\u00bbcontent-moving\u00bb css_animation=\u00bbfadeIn\u00bb css=\u00bb.vc_custom_1592440902254{padding-top: 10px !important;padding-bottom: 10px !important;background-color: #fafafa !important;}\u00bb][vc_column css_animation=\u00bbfadeIn\u00bb width=\u00bb1\/4&#8243; css=\u00bb.vc_custom_1592511366462{padding-top: 35px !important;}\u00bb][vc_single_image image=\u00bb4742&#8243; img_size=\u00bbfull\u00bb alignment=\u00bbcenter\u00bb css_animation=\u00bbfadeIn\u00bb][\/vc_column][vc_column width=\u00bb3\/4&#8243; css=\u00bb.vc_custom_1591308474053{padding-top: 0px !important;}\u00bb][vc_column_text css=\u00bb.vc_custom_1592515830555{padding-top: 0px !important;}\u00bb]<\/p>\n<p style=\"font-size: 20px; text-align: left;\">El tiempo es una de las variables clave en un proyecto, y el tiempo consumido en el proceso de obtenci\u00f3n de permisos es a menudo un factor determinante para su \u00e9xito.<\/p>\n<p style=\"font-size: 20px; text-align: left;\">Adem\u00e1s de cumplir con las disposiciones legales a la hora de elaborar un proyecto, una buena preparaci\u00f3n, instrucci\u00f3n y seguimiento del proceso de concesi\u00f3n de licencias son fundamentales para que los respectivos tr\u00e1mites ante los distintos organismos p\u00fablicos implicados en su evaluaci\u00f3n se desarrollen con mayor agilidad.<\/p>\n<p style=\"font-size: 20px; text-align: left;\"><strong>Con un equipo exigente y comprometido, ORTOGONAL hace un seguimiento de su proceso de concesi\u00f3n de licencia desde el momento en que se activa, hasta la obtenci\u00f3n de la licencia de uso.<\/strong><\/p>\n<p>[\/vc_column_text][\/vc_column][\/vc_row][vc_row full_width=\u00bbstretch_row\u00bb equal_height=\u00bbyes\u00bb content_placement=\u00bbmiddle\u00bb parallax=\u00bbcontent-moving\u00bb css_animation=\u00bbfadeIn\u00bb css=\u00bb.vc_custom_1592440924007{padding-top: 10px !important;padding-bottom: 10px !important;background-color: #f5f5f5 !important;}\u00bb][vc_column css_animation=\u00bbfadeIn\u00bb width=\u00bb1\/4&#8243; css=\u00bb.vc_custom_1592511447774{padding-top: 35px !important;padding-bottom: 0px !important;}\u00bb][vc_single_image image=\u00bb5147&#8243; img_size=\u00bbfull\u00bb alignment=\u00bbright\u00bb css_animation=\u00bbfadeIn\u00bb css=\u00bb.vc_custom_1592511440972{padding-top: 0px !important;padding-bottom: 0px !important;}\u00bb][\/vc_column][vc_column width=\u00bb3\/4&#8243; css=\u00bb.vc_custom_1591308474053{padding-top: 0px !important;}\u00bb][vc_column_text css=\u00bb.vc_custom_1592515964403{padding-top: 0px !important;}\u00bb]<\/p>\n<p style=\"font-size: 20px; text-align: left;\"><strong>La selecci\u00f3n de la entidad ejecutora con el perfil y la trayectoria adecuados para el proyecto que se va a desarrollar es una etapa decisiva del proyecto.<\/strong><\/p>\n<p style=\"font-size: 20px; text-align: left;\">En esta fase hay que considerar cuidadosamente el delicado equilibrio entre el menor presupuesto global o el mejor plazo y la calidad que se desea para el producto final.<\/p>\n<p style=\"font-size: 20px; text-align: left;\"><strong>ORTOGONAL tiene un profundo conocimiento del mercado de la construcci\u00f3n y la ingenier\u00eda en Portugal y sigue procedimientos est\u00e1ndar que, de forma transparente, tienen como objetivo encontrar la soluci\u00f3n m\u00e1s favorable para el cliente.<\/strong><\/p>\n<p>[\/vc_column_text][\/vc_column][\/vc_row][vc_row full_width=\u00bbstretch_row\u00bb equal_height=\u00bbyes\u00bb content_placement=\u00bbmiddle\u00bb parallax=\u00bbcontent-moving\u00bb css_animation=\u00bbfadeIn\u00bb css=\u00bb.vc_custom_1592440935572{padding-top: 10px !important;padding-bottom: 10px !important;background-color: #fafafa !important;}\u00bb][vc_column css_animation=\u00bbfadeIn\u00bb width=\u00bb1\/4&#8243; css=\u00bb.vc_custom_1592511389694{padding-top: 35px !important;padding-bottom: 0px !important;}\u00bb][vc_single_image image=\u00bb5148&#8243; img_size=\u00bbfull\u00bb alignment=\u00bbcenter\u00bb css_animation=\u00bbfadeIn\u00bb][\/vc_column][vc_column width=\u00bb3\/4&#8243; css=\u00bb.vc_custom_1591308474053{padding-top: 0px !important;}\u00bb][vc_column_text css=\u00bb.vc_custom_1592515775668{padding-top: 0px !important;}\u00bb]<\/p>\n<p style=\"font-size: 20px; text-align: left;\">La construcci\u00f3n es el periodo en el que se consume la mayor cantidad de recursos en un proyecto, por lo que es fundamental implementar metodolog\u00edas que permitan gestionar y controlar su evoluci\u00f3n.<\/p>\n<p style=\"font-size: 20px; text-align: left;\">El seguimiento permanente de la planificaci\u00f3n, el costo, la calidad y la conformidad de un proyecto mediante <em>indicadores clave<\/em> de rendimiento acordados durante la fase de <em>adquisici\u00f3n<\/em> y en los proyectos, son fundamentales para que todo el proceso se desarrolle de acuerdo con las expectativas del cliente<\/p>\n<p style=\"font-size: 20px; text-align: left;\"><strong>El equipo de ORTOGONAL es competente en la aplicaci\u00f3n de este tipo de metodolog\u00edas, reduciendo al m\u00ednimo los riesgos de desviaciones en todas las variables asociadas al proceso de construcci\u00f3n.<\/strong><\/p>\n<p style=\"font-size: 20px; text-align: left;\"><strong>ORTOGONAL tambi\u00e9n es reconocida en el mercado por la forma competente y r\u00e1pida en que promueve la gesti\u00f3n de las obras en las que interviene, asegurando al cliente no solo el seguimiento, sino tambi\u00e9n la agilidad y la calidad de los procesos, en equilibrio con todas las <em>partes interesadas<\/em>.<\/strong><\/p>\n<p>[\/vc_column_text][\/vc_column][\/vc_row][vc_row full_width=\u00bbstretch_row\u00bb equal_height=\u00bbyes\u00bb content_placement=\u00bbmiddle\u00bb parallax=\u00bbcontent-moving\u00bb css_animation=\u00bbfadeIn\u00bb css=\u00bb.vc_custom_1592440947337{padding-top: 10px !important;padding-bottom: 10px !important;background-color: #f5f5f5 !important;}\u00bb][vc_column css_animation=\u00bbfadeIn\u00bb width=\u00bb1\/4&#8243; css=\u00bb.vc_custom_1592511403453{padding-top: 35px !important;padding-bottom: 0px !important;}\u00bb][vc_single_image image=\u00bb4745&#8243; img_size=\u00bbfull\u00bb alignment=\u00bbright\u00bb css_animation=\u00bbfadeIn\u00bb][\/vc_column][vc_column width=\u00bb3\/4&#8243; css=\u00bb.vc_custom_1592338155173{padding-top: 0px !important;padding-bottom: 0px !important;}\u00bb][vc_column_text css=\u00bb.vc_custom_1592515788472{padding-top: 0px !important;}\u00bb]<\/p>\n<p style=\"font-size: 20px; text-align: left;\">Una vez concluido el proyecto, durante el periodo en que el edificio est\u00e1 en uso, a menudo se requiere apoyo t\u00e9cnico a efectos de garant\u00eda, mantenimiento o incluso aclaraciones relacionadas con el m\u00e9todo de construcci\u00f3n.<\/p>\n<p style=\"font-size: 20px; text-align: left;\"><strong>ORTOGONAL pretende mantener una relaci\u00f3n a largo plazo con sus clientes, conservando los archivos digitales de todos los proyectos en los que participa y la disponibilidad para asesorarles en caso de necesidad futura.<\/strong><\/p>\n<p>[\/vc_column_text][\/vc_column][\/vc_row]<\/p>\n","protected":false},"excerpt":{"rendered":"<p>[vc_row full_width=\u00bbstretch_row\u00bb css=\u00bb.vc_custom_1592518973550{margin-top: 0px !important;margin-bottom: 0px !important;border-top-width: 0px !important;border-bottom-width: 0px !important;padding-top: 0px !important;padding-bottom: 0px !important;}\u00bb][vc_column css=\u00bb.vc_custom_1592518934410{margin-top: 0px !important;margin-bottom: 0px !important;border-top-width: 0px !important;border-bottom-width: 0px !important;padding-top: 0px !important;padding-bottom:<span class=\"excerpt-hellip\"> [\u2026]<\/span><\/p>\n","protected":false},"author":1,"featured_media":4758,"parent":0,"menu_order":0,"comment_status":"closed","ping_status":"closed","template":"","meta":[],"_links":{"self":[{"href":"https:\/\/ortogonal.pt\/es\/wp-json\/wp\/v2\/pages\/5518"}],"collection":[{"href":"https:\/\/ortogonal.pt\/es\/wp-json\/wp\/v2\/pages"}],"about":[{"href":"https:\/\/ortogonal.pt\/es\/wp-json\/wp\/v2\/types\/page"}],"author":[{"embeddable":true,"href":"https:\/\/ortogonal.pt\/es\/wp-json\/wp\/v2\/users\/1"}],"replies":[{"embeddable":true,"href":"https:\/\/ortogonal.pt\/es\/wp-json\/wp\/v2\/comments?post=5518"}],"version-history":[{"count":13,"href":"https:\/\/ortogonal.pt\/es\/wp-json\/wp\/v2\/pages\/5518\/revisions"}],"predecessor-version":[{"id":5531,"href":"https:\/\/ortogonal.pt\/es\/wp-json\/wp\/v2\/pages\/5518\/revisions\/5531"}],"wp:featuredmedia":[{"embeddable":true,"href":"https:\/\/ortogonal.pt\/es\/wp-json\/wp\/v2\/media\/4758"}],"wp:attachment":[{"href":"https:\/\/ortogonal.pt\/es\/wp-json\/wp\/v2\/media?parent=5518"}],"curies":[{"name":"wp","href":"https:\/\/api.w.org\/{rel}","templated":true}]}}