{"id":5585,"date":"2022-01-13T18:14:59","date_gmt":"2022-01-13T18:14:59","guid":{"rendered":"http:\/\/ortogonal.pt\/sobre-nosotros\/"},"modified":"2024-03-14T13:42:45","modified_gmt":"2024-03-14T13:42:45","slug":"sobre-nosotros","status":"publish","type":"page","link":"https:\/\/ortogonal.pt\/es\/sobre-nosotros\/","title":{"rendered":"SOBRE NOSOTROS"},"content":{"rendered":"<p>[vc_row full_width=\u00bbstretch_row\u00bb full_height=\u00bbyes\u00bb css_animation=\u00bbfadeIn\u00bb css=\u00bb.vc_custom_1592439736791{padding-top: 0px !important;padding-bottom: 0px !important;}\u00bb][vc_column css_animation=\u00bbfadeIn\u00bb width=\u00bb1\/4&#8243;][vc_column_text]<\/p>\n<h2 style=\"text-align: right; text-transform: uppercase; color: #14084e; font-size: 26px;\">CON UN S\u00d3LIDO COMPROMISO CON LA SOSTENIBILIDAD Y LA MEJORA CONTINUA, \u00a1A\u00d1ADIMOS VALOR A SU PROYECTO!<\/h2>\n<p>[\/vc_column_text][\/vc_column][vc_column width=\u00bb3\/4&#8243; css=\u00bb.vc_custom_1591213654693{padding-top: 0px !important;}\u00bb][vc_column_text css_animation=\u00bbfadeIn\u00bb css=\u00bb.vc_custom_1710417344816{padding-top: 0px !important;}\u00bb]<\/p>\n<div style=\"text-align: justify; text-justify: inter-word;\">\n<p><span style=\"font-size: 16pt;\">Creado en 2013, el grupo ORTOGONAL tiene como objetivo proporcionar a sus clientes Servicios de Consultor\u00eda e Ingenier\u00eda en todas las \u00e1reas y fases de desarrollo de proyectos.<\/span><\/p>\n<p><span style=\"font-size: 16pt;\">Con una actitud seria e innovadora, aportamos un modelo de gesti\u00f3n de proyectos y obras apoyado en un equipo experimentado y competente que, asimilando nuestra cultura corporativa, promueve la mejora continua de los procesos y garantiza un s\u00f3lido compromiso de crecimiento y desarrollo sostenible. En los \u00faltimos a\u00f1os, en un esfuerzo por satisfacer las necesidades de nuestros clientes, junto con socios de reconocida competencia t\u00e9cnica, hemos desarrollado una serie de proyectos y soluciones que nos permiten ofrecer una gama cada vez m\u00e1s amplia de sectores de actividad. En este sentido, naci\u00f3 el grupo:<\/span><\/p>\n<ul style=\"font-size: 16pt;\">\n<li>2016 &#8211; GROUNDMOTION (desarrollo de proyectos de ingenier\u00eda)<\/li>\n<li>2021 &#8211; NEWDILIGENCE (technical due diligence, servicios de inspecci\u00f3n, diagn\u00f3stico y consultor\u00eda especializada)<\/li>\n<li>2023 &#8211; ORTOGONAL &#8211; ESE (comercializaci\u00f3n de equipos de rescate y emergencia)<\/li>\n<li>2024 &#8211; COLDSOLUTIONS (consultor\u00eda y servicios de refrigeraci\u00f3n comercial e industrial)<\/li>\n<\/ul>\n<p><span style=\"font-size: 16pt;\">Con el paso del tiempo, y a medida que se ha consolidado la confianza de todas las partes interesadas, ORTOGONAL ha ampliado sus \u00e1reas de actividad, estableci\u00e9ndose como socio para la inversi\u00f3n en Portugal.<\/span><\/p>\n<p><span style=\"font-size: 16pt;\">Hoy, con un equipo de cerca de 100 empleados, somos una referencia nacional en la prestaci\u00f3n de servicios de ingenier\u00eda, manteniendo la ambici\u00f3n de nuestro primer d\u00eda: garantizar servicios de excelencia, lo que nos permite ser un socio que a\u00f1ade valor a los proyectos de nuestros clientes y crea relaciones comerciales duraderas con ellos. Estos son los elementos que nos motivan a establecer objetivos que desaf\u00edan nuestros l\u00edmites, estimulan nuestra vitalidad y fortalecen nuestra determinaci\u00f3n.<\/span><\/p>\n<\/div>\n<p>[\/vc_column_text][\/vc_column][vc_column][\/vc_column][vc_column][\/vc_column][\/vc_row][vc_row][vc_column][vc_single_image image=\u00bb6184&#8243; img_size=\u00bb772&#215;92&#8243; alignment=\u00bbcenter\u00bb][\/vc_column][\/vc_row][vc_row full_width=\u00bbstretch_row_content\u00bb parallax=\u00bbcontent-moving\u00bb parallax_image=\u00bb237&#8243; parallax_speed_bg=\u00bb3&#8243; css_animation=\u00bbnone\u00bb css=\u00bb.vc_custom_1574293029661{padding-top: 60px !important;padding-right: 60px !important;padding-bottom: 60px !important;padding-left: 60px !important;background-color: #5b6475 !important;}\u00bb][vc_column][vc_column_text css=\u00bb.vc_custom_1574289198695{padding-top: 0px !important;padding-right: 0px !important;padding-bottom: 0px !important;padding-left: 0px !important;}\u00bb]<\/p>\n<h1 style=\"text-align: center; letter-spacing: 18px;\"><span style=\"color: #ffffff;\">VISI\u00d3N<\/span><\/h1>\n<p style=\"text-align: center;\"><span style=\"font-size: 18pt;\"><span style=\"color: #ffffff;\">Ser reconocido como proveedor de servicios de ingenier\u00eda de excelencia.<\/span><\/span><\/p>\n<p>[\/vc_column_text][vc_separator el_width=\u00bb40&#8243; css_animation=\u00bbleft-to-right\u00bb][vc_column_text css=\u00bb.vc_custom_1574289208600{padding-top: 30px !important;padding-right: 30px !important;padding-bottom: 30px !important;padding-left: 30px !important;}\u00bb]<\/p>\n<h1 style=\"text-align: center; letter-spacing: 18px;\"><span style=\"color: #ffffff;\">MISI\u00d3N<\/span><\/h1>\n<p style=\"text-align: center;\"><span style=\"font-size: 18pt;\"><span style=\"color: #ffffff;\">Ofrecer soluciones de ingenier\u00eda con altos est\u00e1ndares de calidad y asertividad, manteniendo un s\u00f3lido compromiso con los colaboradores, proveedores y socios, as\u00ed como con la sociedad en la que desarrollamos nuestra actividad.<\/span><\/span><\/p>\n<p>[\/vc_column_text][\/vc_column][\/vc_row][vc_row full_width=\u00bbstretch_row_content\u00bb parallax=\u00bbcontent-moving\u00bb parallax_image=\u00bb3375&#8243; css_animation=\u00bbfadeIn\u00bb css=\u00bb.vc_custom_1590203183310{background-color: #31bec8 !important;}\u00bb][vc_column][vc_row_inner][vc_column_inner][vc_column_text css=\u00bb.vc_custom_1574289922605{padding-top: 30px !important;padding-right: 30px !important;padding-bottom: 0px !important;padding-left: 30px !important;}\u00bb]<\/p>\n<h1 style=\"text-align: center;\"><span style=\"color: #ffffff;\">VALORES<\/span><\/h1>\n<p>[\/vc_column_text][\/vc_column_inner][\/vc_row_inner][vc_row_inner css=\u00bb.vc_custom_1592439837421{padding-top: 0px !important;padding-right: 20px !important;padding-bottom: 30px !important;padding-left: 20px !important;}\u00bb][vc_column_inner width=\u00bb1\/5&#8243;][vc_column_text]<\/p>\n<p style=\"text-align: center;\"><span style=\"font-size: 18pt;\"><strong><span style=\"color: #ffffff;\">CLIENTE<\/span><\/strong><\/span><\/p>\n<p>[\/vc_column_text][vc_icon icon_fontawesome=\u00bbfa fa-address-card-o\u00bb color=\u00bbcustom\u00bb size=\u00bbxl\u00bb align=\u00bbcenter\u00bb css_animation=\u00bbfadeInDown\u00bb custom_color=\u00bb#ffffff\u00bb][vc_column_text]<\/p>\n<p style=\"text-align: justify;\"><span style=\"color: #ffffff;\">Nos centramos en el cliente y en garantizar su completa satisfacci\u00f3n. En la prestaci\u00f3n de servicios de ingenier\u00eda, somos la extensi\u00f3n del cliente en los proyectos m\u00e1s diversos y trabajamos siempre con el firme compromiso de a\u00f1adir valor y establecer relaciones a largo plazo.<br \/>\n<\/span>[\/vc_column_text][\/vc_column_inner][vc_column_inner width=\u00bb1\/5&#8243;][vc_column_text]<\/p>\n<p style=\"text-align: center;\"><span style=\"font-size: 18pt;\"><strong><span style=\"color: #ffffff;\">EQUIPO<\/span><\/strong><\/span><\/p>\n<p>[\/vc_column_text][vc_icon icon_fontawesome=\u00bbfa fa-users\u00bb color=\u00bbcustom\u00bb size=\u00bbxl\u00bb align=\u00bbcenter\u00bb css_animation=\u00bbfadeInDown\u00bb custom_color=\u00bb#ffffff\u00bb][vc_column_text]<\/p>\n<p style=\"text-align: justify;\"><span style=\"color: #ffffff;\">Trabajamos en equipo, con un objetivo com\u00fan y de forma coordinada Fomentamos una relaci\u00f3n positiva para aprovechar el talento de las personas, lo que nos permite conseguir los mejores resultados.<\/span><\/p>\n<p>[\/vc_column_text][\/vc_column_inner][vc_column_inner width=\u00bb1\/5&#8243;][vc_column_text]<\/p>\n<p style=\"text-align: center;\"><span style=\"font-size: 18pt;\"><strong><span style=\"color: #ffffff;\">RESPETO<\/span><\/strong><\/span><\/p>\n<p>[\/vc_column_text][vc_icon icon_fontawesome=\u00bbfa fa-handshake-o\u00bb color=\u00bbcustom\u00bb size=\u00bbxl\u00bb align=\u00bbcenter\u00bb css_animation=\u00bbfadeInDown\u00bb custom_color=\u00bb#ffffff\u00bb][vc_column_text]<\/p>\n<p style=\"text-align: justify;\"><span style=\"color: #ffffff;\">Respetamos nuestros compromisos. Creamos un entorno de confianza y aceptamos la diversidad y los diferentes puntos de vista. As\u00ed conseguimos trabajar en un clima de seguridad, credibilidad y respeto hacia las personas.<\/span><\/p>\n<p>[\/vc_column_text][\/vc_column_inner][vc_column_inner width=\u00bb1\/5&#8243;][vc_column_text]<\/p>\n<p style=\"text-align: center;\"><span style=\"font-size: 18pt;\"><strong><span style=\"color: #ffffff;\">INICIATIVA<\/span><\/strong><\/span><\/p>\n<p>[\/vc_column_text][vc_icon icon_fontawesome=\u00bbfa fa-magic\u00bb color=\u00bbcustom\u00bb size=\u00bbxl\u00bb align=\u00bbcenter\u00bb css_animation=\u00bbfadeInDown\u00bb custom_color=\u00bb#ffffff\u00bb][vc_column_text]<\/p>\n<p style=\"text-align: justify;\"><span style=\"color: #ffffff;\">Estamos atentos a los cambios que se producen en los mercados en los que operamos y nos anticipamos a ellos con soluciones creativas e innovadoras.<\/span><\/p>\n<p>[\/vc_column_text][\/vc_column_inner][vc_column_inner width=\u00bb1\/5&#8243;][vc_column_text]<\/p>\n<p style=\"text-align: center;\"><span style=\"font-size: 18pt;\"><strong><span style=\"color: #ffffff;\">ASSERTIVIDAD<\/span><\/strong><\/span><\/p>\n<p>[\/vc_column_text][vc_icon icon_fontawesome=\u00bbfa fa-angle-double-up\u00bb color=\u00bbcustom\u00bb size=\u00bbxl\u00bb align=\u00bbcenter\u00bb css_animation=\u00bbfadeInDown\u00bb custom_color=\u00bb#ffffff\u00bb][vc_column_text]<\/p>\n<p style=\"text-align: justify;\"><span style=\"color: #ffffff;\">Trabajamos con rigor y con nuestros propios equipos y buscamos optimizar el uso de los recursos y maximizar su rendimiento. Nos centramos en la eficiencia operativa, con el objetivo de rentabilizar nuestras acciones y ofrecer a los clientes servicios de la m\u00e1s alta calidad.<\/span><\/p>\n<p>[\/vc_column_text][\/vc_column_inner][\/vc_row_inner][\/vc_column][\/vc_row][vc_row][vc_column][vc_single_image image=\u00bb6076&#8243; img_size=\u00bbfull\u00bb alignment=\u00bbcenter\u00bb][\/vc_column][\/vc_row][vc_row css=\u00bb.vc_custom_1574638840989{padding-top: 30px !important;padding-right: 0px !important;padding-bottom: 0px !important;padding-left: 0px !important;}\u00bb][vc_column][vc_text_separator title=\u00bbCLIENTES\u00bb][vc_images_carousel images=\u00bb4735,4734,4733,4732,4731,4730,4729,4724,4725,5699,4726,4727,5688,5693&#8243; onclick=\u00bblink_no\u00bb speed=\u00bb3000&#8243; slides_per_view=\u00bb6&#8243; autoplay=\u00bbyes\u00bb hide_pagination_control=\u00bbyes\u00bb hide_prev_next_buttons=\u00bbyes\u00bb wrap=\u00bbyes\u00bb][\/vc_column][\/vc_row]<\/p>\n","protected":false},"excerpt":{"rendered":"<p>[vc_row full_width=\u00bbstretch_row\u00bb full_height=\u00bbyes\u00bb css_animation=\u00bbfadeIn\u00bb css=\u00bb.vc_custom_1592439736791{padding-top: 0px !important;padding-bottom: 0px !important;}\u00bb][vc_column css_animation=\u00bbfadeIn\u00bb width=\u00bb1\/4&#8243;][vc_column_text] CON UN S\u00d3LIDO COMPROMISO CON LA SOSTENIBILIDAD Y LA MEJORA CONTINUA, \u00a1A\u00d1ADIMOS VALOR A SU<span class=\"excerpt-hellip\"> [\u2026]<\/span><\/p>\n","protected":false},"author":1,"featured_media":0,"parent":0,"menu_order":0,"comment_status":"closed","ping_status":"closed","template":"","meta":[],"_links":{"self":[{"href":"https:\/\/ortogonal.pt\/es\/wp-json\/wp\/v2\/pages\/5585"}],"collection":[{"href":"https:\/\/ortogonal.pt\/es\/wp-json\/wp\/v2\/pages"}],"about":[{"href":"https:\/\/ortogonal.pt\/es\/wp-json\/wp\/v2\/types\/page"}],"author":[{"embeddable":true,"href":"https:\/\/ortogonal.pt\/es\/wp-json\/wp\/v2\/users\/1"}],"replies":[{"embeddable":true,"href":"https:\/\/ortogonal.pt\/es\/wp-json\/wp\/v2\/comments?post=5585"}],"version-history":[{"count":38,"href":"https:\/\/ortogonal.pt\/es\/wp-json\/wp\/v2\/pages\/5585\/revisions"}],"predecessor-version":[{"id":6188,"href":"https:\/\/ortogonal.pt\/es\/wp-json\/wp\/v2\/pages\/5585\/revisions\/6188"}],"wp:attachment":[{"href":"https:\/\/ortogonal.pt\/es\/wp-json\/wp\/v2\/media?parent=5585"}],"curies":[{"name":"wp","href":"https:\/\/api.w.org\/{rel}","templated":true}]}}