{"id":5637,"date":"2019-11-10T23:33:13","date_gmt":"2019-11-10T23:33:13","guid":{"rendered":"http:\/\/ortogonal.pt\/sobre-nosotros-2\/"},"modified":"2023-03-14T16:41:08","modified_gmt":"2023-03-14T16:41:08","slug":"sobre-nosotros-2","status":"publish","type":"page","link":"https:\/\/ortogonal.pt\/es\/sobre-nosotros-2\/","title":{"rendered":"SOBRE NOSOTROS"},"content":{"rendered":"<p>[vc_row full_width=\u00bbstretch_row\u00bb full_height=\u00bbyes\u00bb css_animation=\u00bbfadeIn\u00bb css=\u00bb.vc_custom_1592439736791{padding-top: 0px !important;padding-bottom: 0px !important;}\u00bb][vc_column css_animation=\u00bbfadeIn\u00bb width=\u00bb1\/4&#8243;][vc_column_text]<\/p>\n<h1 style=\"text-align: right; text-transform: uppercase; color: #14084e;\">SERVICIOS DE INGENIER\u00cdA, CONSULTOR\u00cdA Y ASESORAMIENTO CON ALTOS EST\u00c1NDARES DE CALIDAD<\/h1>\n<p>[\/vc_column_text][\/vc_column][vc_column width=\u00bb3\/4&#8243; css=\u00bb.vc_custom_1591213654693{padding-top: 0px !important;}\u00bb][vc_column_text css_animation=\u00bbfadeIn\u00bb css=\u00bb.vc_custom_1642099645724{padding-top: 0px !important;}\u00bb]<\/p>\n<div style=\"text-align: justify; text-justify: inter-word;\"><span style=\"font-size: 16pt;\">ORTOGONAL fue fundada en 2013 por un grupo de directivos con actitud audaz y emprendedora y con amplia experiencia en la prestaci\u00f3n de servicios de ingenier\u00eda y consultor\u00eda.<br \/>\n<\/span><span style=\"font-size: 16pt;\"><br \/>\nEl prop\u00f3sito de la empresa era ofrecer al mercado un modelo de prestaci\u00f3n de servicios de ingenier\u00eda que garantizara un excelente servicio al cliente basado en un s\u00f3lido compromiso de crecimiento sostenible, implicando a los empleados en una cultura corporativa que promueve la mejora continua.<br \/>\n<\/span><span style=\"font-size: 16pt;\"><br \/>\nEn este contexto, y atendiendo a las necesidades de los clientes, en 2016, ORTOGONAL, junto con socios de reconocida competencia t\u00e9cnica, fund\u00f3 GROUNDMOTION, una empresa dedicada al desarrollo de proyectos de ingenier\u00eda.<br \/>\n<\/span><span style=\"font-size: 16pt;\"><br \/>\nEn la misma l\u00ednea, en 2021 se fund\u00f3 NEWDILIGENCE, una empresa dedicada a las labores de inspecci\u00f3n, el diagn\u00f3stico y el asesoramiento especializado.<br \/>\n<\/span><span style=\"font-size: 16pt;\"><br \/>\nEn los \u00faltimos a\u00f1os, y con el fortalecimiento de la confianza de todas las partes interesadas, ORTOGONAL ampli\u00f3 sus \u00e1reas de especializaci\u00f3n, afirm\u00e1ndose como socio para la inversi\u00f3n en Portugal, y para ello cuenta con asociaciones que le permiten prestar servicios y asesoramiento a los clientes en diversas \u00e1reas.<br \/>\n<\/span><span style=\"font-size: 16pt;\"><br \/>\nHoy, con un equipo de m\u00e1s de 70 empleados, somos una referencia nacional en la prestaci\u00f3n de servicios de ingenier\u00eda, manteniendo la ambici\u00f3n de nuestro primer d\u00eda: garantizar servicios de excelencia, lo que nos permite ser un socio que a\u00f1ade valor a los proyectos de nuestros clientes y crea relaciones comerciales duraderas con ellos. Estos son los elementos que nos motivan a establecer objetivos que desaf\u00edan nuestros l\u00edmites, estimulan nuestra vitalidad y fortalecen nuestra determinaci\u00f3n.<br \/>\n<\/span><\/div>\n<p>[\/vc_column_text][\/vc_column][vc_column][\/vc_column][vc_column][\/vc_column][\/vc_row][vc_row][vc_column][vc_single_image image=\u00bb5383&#8243; img_size=\u00bb800&#215;200&#8243; alignment=\u00bbcenter\u00bb][\/vc_column][\/vc_row][vc_row full_width=\u00bbstretch_row_content\u00bb parallax=\u00bbcontent-moving\u00bb parallax_image=\u00bb237&#8243; parallax_speed_bg=\u00bb3&#8243; css_animation=\u00bbnone\u00bb css=\u00bb.vc_custom_1574293029661{padding-top: 60px !important;padding-right: 60px !important;padding-bottom: 60px !important;padding-left: 60px !important;background-color: #5b6475 !important;}\u00bb][vc_column][vc_column_text css=\u00bb.vc_custom_1574289198695{padding-top: 0px !important;padding-right: 0px !important;padding-bottom: 0px !important;padding-left: 0px !important;}\u00bb]<\/p>\n<h1 style=\"text-align: center; letter-spacing: 18px;\"><span style=\"color: #ffffff;\">VISI\u00d3N<\/span><\/h1>\n<p style=\"text-align: center;\"><span style=\"font-size: 18pt;\"><span style=\"color: #ffffff;\">Ser reconocido como proveedor de servicios de ingenier\u00eda de excelencia.<\/span><\/span><\/p>\n<p>[\/vc_column_text][vc_separator el_width=\u00bb40&#8243; css_animation=\u00bbleft-to-right\u00bb][vc_column_text css=\u00bb.vc_custom_1574289208600{padding-top: 30px !important;padding-right: 30px !important;padding-bottom: 30px !important;padding-left: 30px !important;}\u00bb]<\/p>\n<h1 style=\"text-align: center; letter-spacing: 18px;\"><span style=\"color: #ffffff;\">MISI\u00d3N<\/span><\/h1>\n<p style=\"text-align: center;\"><span style=\"font-size: 18pt;\"><span style=\"color: #ffffff;\">Ofrecer soluciones de ingenier\u00eda con altos est\u00e1ndares de calidad y asertividad, manteniendo un s\u00f3lido compromiso con los colaboradores, proveedores y socios, as\u00ed como con la sociedad en la que desarrollamos nuestra actividad.<\/span><\/span><\/p>\n<p>[\/vc_column_text][\/vc_column][\/vc_row][vc_row full_width=\u00bbstretch_row_content\u00bb parallax=\u00bbcontent-moving\u00bb parallax_image=\u00bb3375&#8243; css_animation=\u00bbfadeIn\u00bb css=\u00bb.vc_custom_1590203183310{background-color: #31bec8 !important;}\u00bb][vc_column][vc_row_inner][vc_column_inner][vc_column_text css=\u00bb.vc_custom_1574289922605{padding-top: 30px !important;padding-right: 30px !important;padding-bottom: 0px !important;padding-left: 30px !important;}\u00bb]<\/p>\n<h1 style=\"text-align: center;\"><span style=\"color: #ffffff;\">VALORES<\/span><\/h1>\n<p>[\/vc_column_text][\/vc_column_inner][\/vc_row_inner][vc_row_inner css=\u00bb.vc_custom_1592439837421{padding-top: 0px !important;padding-right: 20px !important;padding-bottom: 30px !important;padding-left: 20px !important;}\u00bb][vc_column_inner width=\u00bb1\/5&#8243;][vc_column_text]<\/p>\n<p style=\"text-align: center;\"><span style=\"font-size: 18pt;\"><strong><span style=\"color: #ffffff;\">CLIENTE<\/span><\/strong><\/span><\/p>\n<p>[\/vc_column_text][vc_icon icon_fontawesome=\u00bbfa fa-address-card-o\u00bb color=\u00bbcustom\u00bb size=\u00bbxl\u00bb align=\u00bbcenter\u00bb css_animation=\u00bbfadeInDown\u00bb custom_color=\u00bb#ffffff\u00bb][vc_column_text]<\/p>\n<p style=\"text-align: justify;\"><span style=\"color: #ffffff;\">Nos centramos en el cliente y en garantizar su completa satisfacci\u00f3n. En la prestaci\u00f3n de servicios de ingenier\u00eda, somos la extensi\u00f3n del cliente en los proyectos m\u00e1s diversos y trabajamos siempre con el firme compromiso de a\u00f1adir valor y establecer relaciones a largo plazo.<br \/>\n<\/span><\/p>\n<p>[\/vc_column_text][\/vc_column_inner][vc_column_inner width=\u00bb1\/5&#8243;][vc_column_text]<\/p>\n<p style=\"text-align: center;\"><span style=\"font-size: 18pt;\"><strong><span style=\"color: #ffffff;\">EQUIPO<\/span><\/strong><\/span><\/p>\n<p>[\/vc_column_text][vc_icon icon_fontawesome=\u00bbfa fa-users\u00bb color=\u00bbcustom\u00bb size=\u00bbxl\u00bb align=\u00bbcenter\u00bb css_animation=\u00bbfadeInDown\u00bb custom_color=\u00bb#ffffff\u00bb][vc_column_text]<\/p>\n<p style=\"text-align: justify;\"><span style=\"color: #ffffff;\">Trabajamos en equipo, con un objetivo com\u00fan y de forma coordinada Fomentamos una relaci\u00f3n positiva para aprovechar el talento de las personas, lo que nos permite conseguir los mejores resultados.<\/span><\/p>\n<p>[\/vc_column_text][\/vc_column_inner][vc_column_inner width=\u00bb1\/5&#8243;][vc_column_text]<\/p>\n<p style=\"text-align: center;\"><span style=\"font-size: 18pt;\"><strong><span style=\"color: #ffffff;\">RESPETO<\/span><\/strong><\/span><\/p>\n<p>[\/vc_column_text][vc_icon icon_fontawesome=\u00bbfa fa-handshake-o\u00bb color=\u00bbcustom\u00bb size=\u00bbxl\u00bb align=\u00bbcenter\u00bb css_animation=\u00bbfadeInDown\u00bb custom_color=\u00bb#ffffff\u00bb][vc_column_text]<\/p>\n<p style=\"text-align: justify;\"><span style=\"color: #ffffff;\">Respetamos nuestros compromisos. Creamos un entorno de confianza y aceptamos la diversidad y los diferentes puntos de vista. As\u00ed conseguimos trabajar en un clima de seguridad, credibilidad y respeto hacia las personas.<\/span><\/p>\n<p>[\/vc_column_text][\/vc_column_inner][vc_column_inner width=\u00bb1\/5&#8243;][vc_column_text]<\/p>\n<p style=\"text-align: center;\"><span style=\"font-size: 18pt;\"><strong><span style=\"color: #ffffff;\">INICIATIVA<\/span><\/strong><\/span><\/p>\n<p>[\/vc_column_text][vc_icon icon_fontawesome=\u00bbfa fa-magic\u00bb color=\u00bbcustom\u00bb size=\u00bbxl\u00bb align=\u00bbcenter\u00bb css_animation=\u00bbfadeInDown\u00bb custom_color=\u00bb#ffffff\u00bb][vc_column_text]<\/p>\n<p style=\"text-align: justify;\"><span style=\"color: #ffffff;\">Estamos atentos a los cambios que se producen en los mercados en los que operamos y nos anticipamos a ellos con soluciones creativas e innovadoras.<\/span><\/p>\n<p>[\/vc_column_text][\/vc_column_inner][vc_column_inner width=\u00bb1\/5&#8243;][vc_column_text]<\/p>\n<p style=\"text-align: center;\"><span style=\"font-size: 18pt;\"><strong><span style=\"color: #ffffff;\">ASSERTIVIDAD<\/span><\/strong><\/span><\/p>\n<p>[\/vc_column_text][vc_icon icon_fontawesome=\u00bbfa fa-angle-double-up\u00bb color=\u00bbcustom\u00bb size=\u00bbxl\u00bb align=\u00bbcenter\u00bb css_animation=\u00bbfadeInDown\u00bb custom_color=\u00bb#ffffff\u00bb][vc_column_text]<\/p>\n<p style=\"text-align: justify;\"><span style=\"color: #ffffff;\">Trabajamos con rigor y con nuestros propios equipos y buscamos optimizar el uso de los recursos y maximizar su rendimiento. Nos centramos en la eficiencia operativa, con el objetivo de rentabilizar nuestras acciones y ofrecer a los clientes servicios de la m\u00e1s alta calidad.<\/span><\/p>\n<p>[\/vc_column_text][\/vc_column_inner][\/vc_row_inner][\/vc_column][\/vc_row][vc_row][vc_column][vc_single_image image=\u00bb5384&#8243; img_size=\u00bbfull\u00bb alignment=\u00bbcenter\u00bb][\/vc_column][\/vc_row][vc_row css=\u00bb.vc_custom_1574638840989{padding-top: 30px !important;padding-right: 0px !important;padding-bottom: 0px !important;padding-left: 0px !important;}\u00bb][vc_column][vc_text_separator title=\u00bbCLIENTES\u00bb][vc_images_carousel images=\u00bb4735,4734,4733,4732,4731,4730,4729,4722,4723,4724,4725,4726,4727,4728,4721,4720&#8243; onclick=\u00bblink_no\u00bb speed=\u00bb3000&#8243; slides_per_view=\u00bb6&#8243; autoplay=\u00bbyes\u00bb hide_pagination_control=\u00bbyes\u00bb hide_prev_next_buttons=\u00bbyes\u00bb wrap=\u00bbyes\u00bb][\/vc_column][\/vc_row]<\/p>\n","protected":false},"excerpt":{"rendered":"<p>[vc_row full_width=\u00bbstretch_row\u00bb full_height=\u00bbyes\u00bb css_animation=\u00bbfadeIn\u00bb css=\u00bb.vc_custom_1592439736791{padding-top: 0px !important;padding-bottom: 0px !important;}\u00bb][vc_column css_animation=\u00bbfadeIn\u00bb width=\u00bb1\/4&#8243;][vc_column_text] SERVICIOS DE INGENIER\u00cdA, CONSULTOR\u00cdA Y ASESORAMIENTO CON ALTOS EST\u00c1NDARES DE CALIDAD [\/vc_column_text][\/vc_column][vc_column width=\u00bb3\/4&#8243; css=\u00bb.vc_custom_1591213654693{padding-top: 0px<span class=\"excerpt-hellip\"> [\u2026]<\/span><\/p>\n","protected":false},"author":1,"featured_media":0,"parent":0,"menu_order":0,"comment_status":"closed","ping_status":"closed","template":"","meta":[],"_links":{"self":[{"href":"https:\/\/ortogonal.pt\/es\/wp-json\/wp\/v2\/pages\/5637"}],"collection":[{"href":"https:\/\/ortogonal.pt\/es\/wp-json\/wp\/v2\/pages"}],"about":[{"href":"https:\/\/ortogonal.pt\/es\/wp-json\/wp\/v2\/types\/page"}],"author":[{"embeddable":true,"href":"https:\/\/ortogonal.pt\/es\/wp-json\/wp\/v2\/users\/1"}],"replies":[{"embeddable":true,"href":"https:\/\/ortogonal.pt\/es\/wp-json\/wp\/v2\/comments?post=5637"}],"version-history":[{"count":7,"href":"https:\/\/ortogonal.pt\/es\/wp-json\/wp\/v2\/pages\/5637\/revisions"}],"predecessor-version":[{"id":5644,"href":"https:\/\/ortogonal.pt\/es\/wp-json\/wp\/v2\/pages\/5637\/revisions\/5644"}],"wp:attachment":[{"href":"https:\/\/ortogonal.pt\/es\/wp-json\/wp\/v2\/media?parent=5637"}],"curies":[{"name":"wp","href":"https:\/\/api.w.org\/{rel}","templated":true}]}}